{"id":354,"date":"2020-12-05T20:12:32","date_gmt":"2020-12-05T20:12:32","guid":{"rendered":"http:\/\/planetary-defense.eu\/?page_id=354"},"modified":"2022-01-20T23:03:51","modified_gmt":"2022-01-20T23:03:51","slug":"media","status":"publish","type":"page","link":"https:\/\/planetary-defense.eu\/?page_id=354","title":{"rendered":"Media"},"content":{"rendered":"\n<p class=\"has-text-align-center\">Most of the media coverage is in the Czech language, check<strong> <span class=\"has-inline-color has-vivid-red-color\">(ENG)<\/span> <\/strong>below for English coverage.<\/p>\n\n\n\n<p class=\"has-text-align-center has-huge-font-size\">2018<\/p>\n\n\n\n<ul class=\"wp-block-list\"><li>29.3. 2018 \u2013 <em>Na asteroidech se bude t\u011b\u017eit, to je jist\u00e9. \u010cesku nesm\u00ed ujet vlak, \u0159\u00edk\u00e1 Nikola Schmidt vytv\u00e1\u0159ej\u00edc\u00ed n\u00e1rodn\u00ed strategii planet\u00e1rn\u00ed obrany<\/em>, Hospod\u00e1\u0159sk\u00e9 noviny (<a href=\"https:\/\/ego.ihned.cz\/c1-66093230-na-asteroidech-se-bude-tezit-to-je-jiste-cesku-nesmi-ujet-vlak-rika-nikola-schmidt-vytvarejici-narodni-strategii-planetarni-obrany\">link<\/a>)<\/li><li><span class=\"has-inline-color has-vivid-cyan-blue-color\"><strong>(rozhovor)<\/strong> <\/span>29.8. 2018 \u2013 <em>Asteroidy n\u00e1s mohou vymazat z mapy, odklon\u00edme je supersiln\u00fdmi lasery, \u0159\u00edk\u00e1 Schmidt<\/em>, DVTV (<a href=\"https:\/\/video.aktualne.cz\/dvtv\/dvtv-29-8-2018-vladimir-kratina-nikola-schmidt\/r~61cf736cab9f11e890ecac1f6b220ee8\/r~9a676e7eab9911e89271ac1f6b220ee8\/\">link<\/a>)<\/li><li>2.4. 2018 \u2013 <em>\u010cesk\u00fd t\u00fdm \u0159e\u0161\u00ed, jak br\u00e1nit Zemi p\u0159ed asteroidy. Nechceme v Brdech stav\u011bt lasery, uklid\u0148uje v\u011bdec<\/em>, Aktu\u00e1ln\u011b (<a href=\"https:\/\/zpravy.aktualne.cz\/domaci\/cesky-tym-resi-jak-branit-zemi-pred-asteroidy-nechceme-v-brd\/r~d1881728338a11e8a44c0cc47ab5f122\/\">link<\/a>)<\/li><li>18.8. 2018 \u2013 <em>Hroz\u00ed Zemi nebezpe\u010d\u00ed z vesm\u00edru? Docela re\u00e1ln\u00fd je v\u00fdron koron\u00e1rn\u00ed masy ze Slunce a p\u00e1d komety nebo asteroidu, \u0159\u00edk\u00e1 Schmidt<\/em>, \u010cesk\u00fd rozhlas (<a href=\"https:\/\/neviditelna.rozhlas.cz\/hrozi-zemi-nebezpeci-z-vesmiru-docela-realny-je-vyron-koronarni-masy-ze-slunce-a-7573514\">link<\/a>)<\/li><li><span class=\"has-inline-color has-vivid-cyan-blue-color\"><strong>(rozhovor)<\/strong> <\/span>11\/2018 \u2013 <em>Planetary Defense and symbiotic drones<\/em>, Diffusion radio Australia (<a href=\"https:\/\/player.fm\/series\/diffusion-science-radio\/planetary-defense-and-symbiotic-drones\">link<\/a>)<\/li><li>11\/2018 \u2013 ABC Radio Australia (link nedostupn\u00fd)<\/li><li><span class=\"has-inline-color has-vivid-red-color\"><strong>(ENG)<\/strong> <\/span><span class=\"has-inline-color has-vivid-cyan-blue-color\"><strong>(interview)<\/strong> <\/span>11\/2018 \u2013 Difusion Science Radio (<a href=\"http:\/\/www.diffusionradio.com\/2018\/11\/planetary_defense_and_symbioti.html\">link<\/a>)<\/li><li>20.9.2018 \u2013 <em>Jak\u00e1 je budoucnost \u010desk\u00e9 vesm\u00edrn\u00e9 politiky?,<\/em> Euroskop (<a href=\"https:\/\/www.euroskop.cz\/44\/31782\/clanek\/reportaz-jaka-je-budoucnost-ceske-vesmirne-politiky\/\">link<\/a>)<\/li><\/ul>\n\n\n\n<h1 class=\"has-text-align-left wp-block-heading\">Prvn\u00ed n\u00e1v\u0161t\u011bva Pete Wordena<\/h1>\n\n\n\n<ul class=\"wp-block-list\"><li>25.6. 2018 \u2013<em> Dob\u00fdv\u00e1n\u00ed vesm\u00edru. Moderuj\u00ed: Sv\u011btlana Witowsk\u00e1 a Martin \u0158ezn\u00ed\u010dek<\/em>, Ud\u00e1losti a koment\u00e1\u0159e \u010cesk\u00e9 televize (<a href=\"https:\/\/www.ceskatelevize.cz\/porady\/1096898594-udalosti-komentare\/218411000370625\/\">link<\/a>)<\/li><li><span class=\"has-inline-color has-vivid-cyan-blue-color\"><strong>(rozhovor)<\/strong> <\/span>\u010cerven 2018 \u2013 20min rozhovor s&nbsp;Davidem \u0160t\u00e1hlavsk\u00fdm na \u010cesk\u00e9m rozhlase<\/li><li>4.8. 2018 \u2013 <em>Vesm\u00edr m\u00e1 suroviny pro pr\u016fmysl na Zemi<\/em>, Lidov\u00e9 noviny (<a href=\"https:\/\/www.lidovenoviny.cz\/ctecka.aspx?d=04.08.2018&amp;e=LN-PRAHA\">link<\/a>)<\/li><li>3.7. 2018 \u2013 <em>V\u00fdzkum vesm\u00edru je v kurzu, \u0159ekl gener\u00e1l a z kapsy vyt\u00e1hl vesm\u00edrnou lo\u010f<\/em>, iDNES (<a href=\"https:\/\/www.idnes.cz\/technet\/vesmir\/pete-worden-breaktrough-prize-nasa-laser-vyzkum-astronom.A180702_145651_tec_vesmir_pka\">link<\/a>)<\/li><\/ul>\n\n\n\n<p class=\"has-text-align-center has-huge-font-size\">2019<\/p>\n\n\n\n<ul class=\"wp-block-list\"><li><span class=\"has-inline-color has-vivid-cyan-blue-color\"><strong>(rozhovor)<\/strong> <\/span><em>Odpov\u011bd\u00ed bude silov\u00e1 reakce, varuje expert p\u0159ed n\u00e1sledky vzniku americk\u00e9 vesm\u00edrn\u00e9 arm\u00e1dy<\/em>, 21. \u00fanora 2019, \u010cesk\u00e1 televize, <a href=\"https:\/\/ct24.ceskatelevize.cz\/svet\/2740037-odpovedi-bude-silova-reakce-varuje-expert-pred-nasledky-vzniku-americke-vesmirne-armady\">(link)<\/a><\/li><li><span class=\"has-inline-color has-vivid-red-color\"><strong>(ENG)<\/strong> <\/span><em>Five Ethical Questions for How We Choose to Use the Moon<\/em>, 4. \u010dervna 2019, The Conversation, <a href=\"https:\/\/theconversation.com\/five-ethical-questions-for-how-we-choose-to-use-the-moon-116801\">(link)<\/a><\/li><li><em>Drtiv\u00fd dopad? \u201aV\u00edme jen o p\u011btin\u011b asteroid\u016f schopn\u00fdch zni\u010dit Evropu,\u2018 \u0159\u00edkaj\u00ed planet\u00e1rn\u00ed obr\u00e1nci z&nbsp;\u010ceska<\/em>, 16.\u010dervna 2019, iRozhlas, <a href=\"https:\/\/www.irozhlas.cz\/veda-technologie\/vesmir\/planetarni-obrana-asteroid_1906160700_haf\">(link)<\/a><\/li><li><em>\u201eSoukrom\u00e9 spole\u010dnosti nemaj\u00ed mand\u00e1t k dob\u00fdv\u00e1n\u00ed vesm\u00edru,\u201c<\/em> \u0159\u00edk\u00e1 bezpe\u010dnostn\u00ed analytik Petr Boh\u00e1\u010dek, 20, \u010dervna 2019, Radio Wave, <a href=\"https:\/\/wave.rozhlas.cz\/soukrome-spolecnosti-nemaji-mandat-k-dobyvani-vesmiru-rika-bezpecnostni-analytik-7967159\">(link)<\/a><\/li><li>Za to, \u017ee \u010c\u00edna nespolupracuje v kosmick\u00e9m v\u00fdzkumu, m\u016f\u017ee i Z\u00e1pad, tvrd\u00ed analytik Nikola Schmidt, 27. \u010dervna, Radio Wave, <a href=\"https:\/\/wave.rozhlas.cz\/za-ze-cina-nespolupracuje-v-kosmickem-vyzkumu-muze-i-zapad-tvrdi-analytik-nikola-7972465\">(link)<\/a><\/li><li><em>Sr\u00e1\u017eka Zem\u011b s asteroidem? P\u0159ipravte si jadern\u00e9 zbran\u011b<\/em>, apeluje \u010desk\u00fd expert, 16. \u010dervna 2019, Eurozpravy, <a href=\"https:\/\/eurozpravy.cz\/veda-a-technika\/veda\/260749-pripravte-si-jaderne-zbrane-vedec-varuje-pred-srazkou-s-asteroidem\/\">(link)<\/a><\/li><li><span class=\"has-inline-color has-vivid-cyan-blue-color\"><strong>(autorsk\u00fd \u010dl\u00e1nek) <\/strong><\/span><em>Jak vysv\u011btlit lidstvu, \u017ee pot\u0159ebuje nov\u00e9 Apollo: Projekt je lep\u0161\u00edm \u0159e\u0161en\u00edm chudoby ne\u017e rozvojov\u00e1 pomoc<\/em>, <a href=\"https:\/\/nazory.ihned.cz\/c7-66618390-r49c8-35eca06dd93058b\">(link)<\/a><\/li><li><strong><strong><span class=\"has-inline-color has-vivid-red-color\">(ENG)<\/span><\/strong><\/strong> <strong><span class=\"has-inline-color has-vivid-cyan-blue-color\">(interview) <\/span><\/strong><em>Czech planetary defence lead nikola schmidt: \u201cit is never good to go public about an asteroid threat\u201d<\/em>, 20. prosince 2019, Czech Radio, <a href=\"https:\/\/www.radio.cz\/en\/section\/panorama\/czech-planetary-defence-lead-nikola-schmidt-it-is-never-good-to-go-public-about-an-asteroid-threat\">(link)<\/a><\/li><\/ul>\n\n\n\n<h1 class=\"wp-block-heading\">Planetary Defence Conference 2019<\/h1>\n\n\n\n<ul class=\"wp-block-list\"><li><strong><span class=\"has-inline-color has-vivid-red-color\">(ENG)<\/span><\/strong> <em>Lawyers Are Gearing Up For Lawsuits Over Asteroid Strike\u2026 Seriously<\/em>, 6. kv\u011btna 2019, Above the Law, <a href=\"https:\/\/abovethelaw.com\/2019\/05\/lawyers-are-gearing-up-for-lawsuits-over-asteroid-strike-seriously\/\">(link)<\/a><\/li><li><strong><span class=\"has-inline-color has-vivid-red-color\">(ENG)<\/span><\/strong> <em>Even If We Can Stop a Dangerous Asteroid, Being Human May Mean We Don&#8217;t Succeed<\/em>. 8. kv\u011btna 2019, Space.com, <a href=\"https:\/\/www.space.com\/asteroid-deflection-human-error-planetary-defense.html\">(link)<\/a><\/li><li><em>Zachr\u00e1n\u00ed n\u00e1s nukle\u00e1rn\u00ed zbran\u011b p\u0159ed asteroidy? Experti maj\u00ed chmurnou odpov\u011b\u010f<\/em>, 9. kv\u011btna 2019, Eurozpr\u00e1vy, <a href=\"https:\/\/eurozpravy.cz\/veda-a-technika\/veda\/257347-zachrani-nas-nuklearni-zbrane-pred-asteroidy-experti-maji-chmurnou-odpoved\/\">(link)<\/a><\/li><\/ul>\n\n\n\n<h1 class=\"wp-block-heading\">Laser SpaceApps Workshop 2019<\/h1>\n\n\n\n<ul class=\"wp-block-list\"><li>Prague laser spaceapps workshop 2019, \u010ceskoslovensk\u00fd \u010dasopisu pro fyziku, vyd\u00e1van\u00fd Fyzik\u00e1ln\u00edm \u00fastavem Akademie v\u011bd \u010cR. <a href=\"https:\/\/www.fzu.cz\/novinky\/prague-laser-spaceapps-workshop-2019\">(link)<\/a><\/li><li><em>V\u00fdkonov\u00e9 lasery: Cesta ke hv\u011bzd\u00e1m, t\u011b\u017eb\u011b rud na asteroidech i obran\u011b planety<\/em>, 13. listopadu 2019, \u010cesk\u00e1 astronomick\u00e1 spole\u010dnost, <a href=\"https:\/\/www.astro.cz\/clanky\/ostatni\/vykonove-lasery-cesta-ke-hvezdam-tezbe-rud-na-asteroidech-i-obrane-planety.html\">(link)<\/a><\/li><li><em>Homo intergalacticus: Veter\u00e1n dob\u00fdv\u00e1n\u00ed kosmu Worden pro rusk\u00e9ho miliard\u00e1\u0159e vym\u00fd\u0161l\u00ed, jak dostat lidstvo k jin\u00e9 hv\u011bzd\u011b ne\u017e ke Slunci,<\/em> 22. \u0159\u00edjna 2019, Hospod\u00e1\u0159sk\u00e9 noviny, <a href=\"https:\/\/archiv.ihned.cz\/c1-66663500-homo-intergalacticus-veteran-dobyvani-kosmu-worden-pro-ruskeho-miliardare-vymysli-jak-dostat-lidstvo-k-jine-hvezde-nez-ke-slunci\">(link)<\/a><\/li><li><em>Miniaturn\u00ed sondy s velk\u00fdm a dalek\u00fdm c\u00edlem<\/em>, 29. z\u00e1\u0159\u00ed 2019, \u010cesk\u00e1 televize, <a href=\"https:\/\/www.ceskatelevize.cz\/ivysilani\/11633975240-veda-24\/219411058340029\/obsah\/723178-miniaturni-sondy-s-velkym-a-dalekym-cilem\">(link)<\/a><\/li><li><em>Siln\u00fd laser by mohl sondy urychlit a\u017e na 20 % rychlosti sv\u011btla<\/em>, 4. \u0159\u00edjna 2019, AV\u010cR, <a href=\"https:\/\/avcr.cz\/cs\/veda-a-vyzkum\/aktuality\/Silny-laser-by-mohl-sondy-urychlit-az-na-20-rychlosti-svetla\">(link)<\/a><\/li><li><em><strong><span class=\"has-inline-color has-vivid-red-color\">(ENG)<\/span><\/strong><\/em> <em>Czech high frequency laser could help space exploration<\/em>, 25. z\u00e1\u0159\u00ed 2019, Radio Prague, <a href=\"https:\/\/www.radio.cz\/en\/section\/curraffrs\/czech-high-frequency-laser-could-help-space-exploration\">(link)<\/a><\/li><li><em>Hawkingovi spolupracovn\u00edci diskutuj\u00ed v Praze o speci\u00e1ln\u00edm laseru<\/em>, 24. z\u00e1\u0159\u00ed 2019,&nbsp; \u010cesk\u00fd rozhlas, <a href=\"https:\/\/www.radio.cz\/cz\/rubrika\/bulletin\/denni-souhrn-zprav-2019-09-24\">(link)<\/a><\/li><li><em>Stephen Hawking vymyslel, jak se dostat k Proxim\u011b Centauri. Miliardov\u00fd projekt te\u010f hled\u00e1 rady v&nbsp;Praze,<\/em> 24. z\u00e1\u0159\u00ed 2019, \u010cesk\u00e1 televize, <a href=\"https:\/\/ct24.ceskatelevize.cz\/veda\/2932625-stephen-hawking-vymyslel-jak-se-dostat-k-proxime-centauri-miliardovy-projekt-ted-hleda\">(link)<\/a><\/li><li><em>Spolupracovn\u00edci Hawkinga se sjeli do Prahy, diskutuj\u00ed o speci\u00e1ln\u00edm laseru<\/em>, 23. z\u00e1\u0159\u00ed 2019, \u010cTK, <a href=\"https:\/\/eurozpravy.cz\/veda-a-technika\/veda\/spolupracovnici-hawkinga-se-sjeli-do-prahy-diskutuji-o-specialnim-laseru.5ebb3275\/\">(link)<\/a><\/li><li><em>Hawkingovi kolegov\u00e9 debatuj\u00ed v Praze o laseru pro mezihv\u011bzdn\u00e9 cesty<\/em>, 24. z\u00e1\u0159\u00ed 2019, Novinky, <a href=\"https:\/\/www.novinky.cz\/veda-skoly\/clanek\/hawkingovi-kolegove-debatuji-v-praze-o-laseru-pro-mezihvezdne-cesty-40297536\">(link)<\/a><\/li><li><em>Tiskov\u00e1 konference Breakthrough,<\/em> \u00daMV, HiLase, 23. z\u00e1\u0159\u00ed 2019, \u010cesk\u00fd rozhlas, <a href=\"https:\/\/plus.rozhlas.cz\/temata-podle-lucie-vopalenske-8080109#player=on\">(link)<\/a><\/li><li><span class=\"has-inline-color has-vivid-red-color\"><strong>(ENG) (multilingual)<\/strong> <\/span><strong><span class=\"has-inline-color has-vivid-cyan-blue-color\">(interview in Czech TV)<\/span> <\/strong><em>Pete Worden v&nbsp;Hyde Parku Civilizace<\/em>, 7. prosince 2019, \u010cesk\u00e1 televize, <a href=\"https:\/\/www.ceskatelevize.cz\/porady\/10441294653-hyde-park-civilizace\/219411058091207\/\">(link)<\/a><\/li><\/ul>\n\n\n\n<p class=\"has-text-align-center has-huge-font-size\">2020<\/p>\n\n\n\n<ul class=\"wp-block-list\"><li><em>Prague Laser SpaceApps Workshop<\/em>, 9. ledna 2020, <a href=\"https:\/\/www.fzu.cz\/aktuality\/prague-laser-spaceapps-workshop-2019\">(link)<\/a><\/li><li><span class=\"has-inline-color has-vivid-cyan-blue-color\"><strong>(autorsk\u00fd \u010dl\u00e1nek)<\/strong> <\/span><em>Obloha po Muskovi: Jak za\u010dal nov\u00fd souboj st\u00e1t\u016f a korporac\u00ed o ovl\u00e1dnut\u00ed nebe<\/em>, 1. \u010dervna 2020, <a href=\"https:\/\/www.voxpot.cz\/obloha-po-muskovi-jak-zacal-novy-souboj-statu-a-korporaci-o-ovladnuti-nebe\">(link)<\/a><\/li><li><strong><span class=\"has-inline-color has-vivid-cyan-blue-color\">(autorsk\u00fd \u010dl\u00e1nek)<\/span><\/strong> <em>Je kosmopolitn\u00ed charakter vesm\u00edru v ohro\u017een\u00ed?<\/em> 16. \u010dervence 2020, (iHned &#8211; <a href=\"https:\/\/nazory.ihned.cz\/c7-66790680-r49c8-f611c26263d8342\">(link)<\/a><\/li><li><span class=\"has-inline-color has-vivid-cyan-blue-color\"><strong>(autorsk\u00fd \u010dl\u00e1nek)<\/strong> <\/span><em>Bl\u00ed\u017e\u00ed se doba t\u011b\u017eby ve vesm\u00edru. M\u016f\u017ee pomoci vy\u0159e\u0161it i probl\u00e9my na na\u0161\u00ed planet\u011b,<\/em> 16. \u010dervence 2020, <a href=\"https:\/\/www.voxpot.cz\/blizi-se-doba-tezby-ve-vesmiru-muze-pomoci-vyresit-i-problemy-na-nasi-planete\/\">(link)<\/a><\/li><li><em>Rekordn\u011b bl\u00edzk\u00e9ho asteroidu si nikdo nev\u0161iml. P\u0159ipomn\u011blo to velkou hrozbu, <\/em>20. srpna 2020, <a href=\"https:\/\/www.seznamzpravy.cz\/clanek\/rekordne-blizkeho-asteroidu-si-nikdo-nevsiml-pripomnelo-to-velkou-hrozbu-116645\">(link)<\/a><\/li><li><em>Souboj ve vesm\u00edru <\/em>(\u010cT, 2020,&nbsp;<a rel=\"noreferrer noopener\" target=\"_blank\" href=\"https:\/\/www.ceskatelevize.cz\/porady\/1096898594-udalosti-komentare\/220411000370601\/video\/771315\">(link)<\/a><\/li><li><span class=\"has-inline-color has-vivid-cyan-blue-color\"><strong>(autorsk\u00fd \u010dl\u00e1nek)<\/strong> <\/span>T\u011b\u017eba ve vesm\u00edru, pr\u00e1vn\u00ed r\u00e1mec pro t\u011b\u017ebu, planet\u00e1rn\u00ed obrana, dob\u00fdv\u00e1n\u00ed M\u011bs\u00edce (Voxpot, 2020,&nbsp;<a rel=\"noreferrer noopener\" target=\"_blank\" href=\"https:\/\/www.voxpot.cz\/%D1%82%D0%B5%D0%BC%D0%B0\/vesmir\/\">(link)<\/a><\/li><li><em>M\u00edrov\u00e9 vyu\u017eit\u00ed laser\u016f ve vesm\u00edru <\/em>(iHned, 2020,&nbsp;<a rel=\"noreferrer noopener\" target=\"_blank\" href=\"https:\/\/archiv.ihned.cz\/c1-66842060-cesko-se-muze-podilet-na-osidlovani-vesmiru-planuje-vytvorit-vesmirne-sily-druzice-lasery-a-kosmodrom\">(link)<\/a>&nbsp;<\/li><\/ul>\n\n\n\n<p class=\"has-text-align-center has-huge-font-size\">2021<\/p>\n\n\n\n<ul class=\"wp-block-list\"><li>Horizont \u010cT24 &#8211; evropsk\u00e1 dru\u017eicov\u00e1 megakonstelace (16:53 &#8211; 26:00) <a href=\"https:\/\/www.ceskatelevize.cz\/porady\/10316155327-horizont-ct24\/221411058050118\/\">(link)<\/a><\/li><li><strong><span class=\"has-inline-color has-vivid-cyan-blue-color\">(followup project SLAVIA!)<\/span><\/strong> \u010ce\u0161i prozkoumaj\u00ed, co lze t\u011b\u017eit ve vesm\u00edru. Sc\u00e9n\u00e1\u0159 Avatara m\u011b ned\u011bs\u00ed, \u0159\u00edk\u00e1 Martin Ferus (<a href=\"https:\/\/zpravy.aktualne.cz\/domaci\/tezba-ve-vesmiru-projekt-slavia-cesko\/r~896997e6ea2f11eba7d80cc47ab5f122\/\">link<\/a>)<\/li><li><strong><span class=\"has-inline-color has-vivid-cyan-blue-color\">(followup project SLAVIA!)<\/span><\/strong> Brn\u011bnsk\u00e1 firma chce z\u00edsk\u00e1vat nerostn\u00e9 zdroje z kosmu. Dostala i evropskou podporu (<a href=\"https:\/\/ct24.ceskatelevize.cz\/veda\/3342650-brnenska-firma-chce-ziskavat-nerostne-zdroje-z-kosmu-dostala-i-evropskou-podporu\">link<\/a>)<\/li><li>K\u00a0Zemi se p\u0159ibli\u017euj\u00ed ob\u0159\u00ed asteroidy. Ameri\u010dan\u00e9 i\u00a0\u010c\u00ed\u0148an\u00e9 vyv\u00edj\u00ed obrann\u00e9 syst\u00e9my pro p\u0159\u00edpad, \u017ee by hrozil n\u00e1raz (<a href=\"https:\/\/vikend.hn.cz\/c1-66957000-k-zemi-se-priblizuji-obri-asteroidy-americane-i-cinane-vyviji-obranne-systemy-pro-pripad-ze-by-hrozil-naraz\">link<\/a>)<\/li><li>Koment\u00e1\u0159 ke startu DART pro \u010cRo PLUS (<a href=\"https:\/\/program.rozhlas.cz\/zaznamy#\/plus\/36\/2021-11-24\">link<\/a>) a p\u0159epis rozhovoru do \u010dl\u00e1nku (<a href=\"https:\/\/www.irozhlas.cz\/veda-technologie\/vesmir\/vandenbergova-zakladna-spacex-falcon-kalifornie-planetarni-obrana_2111241617_dok\">link<\/a>)<\/li><li>Vesm\u00edrn\u00e1 mise DART zjist\u00ed, zda lidstvo dok\u00e1\u017ee pohnout asteroidem. Pokud by ale m\u00ed\u0159il na Zemi, nepom\u016f\u017ee mo\u017en\u00e1 nic (<a href=\"https:\/\/cc.cz\/vesmirna-mise-dart-zjisti-zda-lidstvo-dokaze-pohnout-asteroidem-pokud-by-ale-miril-na-zemi-mozna-nic-nepomuze\/\">link<\/a>)<\/li><li>24.11.2021 &#8211; Odklon\u011bn\u00ed planety n\u00e1razem? \u201aSta\u010d\u00ed drobn\u00e9 odch\u00fdlen\u00ed. Probl\u00e9m jsou t\u011blesa, kter\u00e1 nevid\u00edme,\u2018 \u0159\u00edk\u00e1 expert (<a href=\"https:\/\/www.irozhlas.cz\/veda-technologie\/vesmir\/vandenbergova-zakladna-spacex-falcon-kalifornie-planetarni-obrana_2111241617_dok?fbclid=IwAR2OEYEmxFGlEACLf_6oKuTYxwPNJWfm2m5Dw6dZyXjCrJm1aDUWvjylxOA\">link<\/a>)<\/li><li>10.1.2022 &#8211; Za p\u016fl roku by se Zem\u011b na odvr\u00e1cen\u00ed komety nep\u0159ipravila, \u0159\u00edk\u00e1 expert (<a href=\"https:\/\/www.idnes.cz\/technet\/vesmir\/planetarni-obrana-nikola-schmidt-vesmir-asteroid-rostrel.A220110_113227_tec_vesmir_vse\">link<\/a>)<\/li><\/ul>\n\n\n\n<p><\/p>\n\n\n\n<p><\/p>\n","protected":false},"excerpt":{"rendered":"<p>Most of the media coverage is in the Czech language, check (ENG) below for English coverage. 2018 29.3. 2018 \u2013 Na asteroidech se bude t\u011b\u017eit, to je jist\u00e9. \u010cesku nesm\u00ed ujet vlak, \u0159\u00edk\u00e1 Nikola Schmidt vytv\u00e1\u0159ej\u00edc\u00ed n\u00e1rodn\u00ed strategii planet\u00e1rn\u00ed obrany, Hospod\u00e1\u0159sk\u00e9 noviny (link) (rozhovor) 29.8. 2018 \u2013 Asteroidy n\u00e1s mohou vymazat z mapy, odklon\u00edme je &hellip; <\/p>\n<p class=\"link-more\"><a href=\"https:\/\/planetary-defense.eu\/?page_id=354\" class=\"more-link\">Continue reading<span class=\"screen-reader-text\"> &#8220;Media&#8221;<\/span><\/a><\/p>\n","protected":false},"author":1,"featured_media":0,"parent":0,"menu_order":0,"comment_status":"closed","ping_status":"closed","template":"","meta":{"_uag_custom_page_level_css":"","footnotes":""},"class_list":["post-354","page","type-page","status-publish","hentry"],"uagb_featured_image_src":{"full":false,"thumbnail":false,"medium":false,"medium_large":false,"large":false,"1536x1536":false,"2048x2048":false,"twentyseventeen-featured-image":false,"twentyseventeen-thumbnail-avatar":false},"uagb_author_info":{"display_name":"nicholas","author_link":"https:\/\/planetary-defense.eu\/?author=1"},"uagb_comment_info":0,"uagb_excerpt":"Most of the media coverage is in the Czech language, check (ENG) below for English coverage. 2018 29.3. 2018 \u2013 Na asteroidech se bude t\u011b\u017eit, to je jist\u00e9. \u010cesku nesm\u00ed ujet vlak, \u0159\u00edk\u00e1 Nikola Schmidt vytv\u00e1\u0159ej\u00edc\u00ed n\u00e1rodn\u00ed strategii planet\u00e1rn\u00ed obrany, Hospod\u00e1\u0159sk\u00e9 noviny (link) (rozhovor) 29.8. 2018 \u2013 Asteroidy n\u00e1s mohou vymazat z mapy, odklon\u00edme je&hellip;","_links":{"self":[{"href":"https:\/\/planetary-defense.eu\/index.php?rest_route=\/wp\/v2\/pages\/354","targetHints":{"allow":["GET"]}}],"collection":[{"href":"https:\/\/planetary-defense.eu\/index.php?rest_route=\/wp\/v2\/pages"}],"about":[{"href":"https:\/\/planetary-defense.eu\/index.php?rest_route=\/wp\/v2\/types\/page"}],"author":[{"embeddable":true,"href":"https:\/\/planetary-defense.eu\/index.php?rest_route=\/wp\/v2\/users\/1"}],"replies":[{"embeddable":true,"href":"https:\/\/planetary-defense.eu\/index.php?rest_route=%2Fwp%2Fv2%2Fcomments&post=354"}],"version-history":[{"count":51,"href":"https:\/\/planetary-defense.eu\/index.php?rest_route=\/wp\/v2\/pages\/354\/revisions"}],"predecessor-version":[{"id":886,"href":"https:\/\/planetary-defense.eu\/index.php?rest_route=\/wp\/v2\/pages\/354\/revisions\/886"}],"wp:attachment":[{"href":"https:\/\/planetary-defense.eu\/index.php?rest_route=%2Fwp%2Fv2%2Fmedia&parent=354"}],"curies":[{"name":"wp","href":"https:\/\/api.w.org\/{rel}","templated":true}]}}